{"id":10657,"date":"2026-05-04T14:24:11","date_gmt":"2026-05-04T21:24:11","guid":{"rendered":"https:\/\/gabroverse.com\/"},"modified":"2026-05-06T06:26:14","modified_gmt":"2026-05-06T13:26:14","slug":"cuerpo","status":"publish","type":"page","link":"https:\/\/gabroverse.com\/es\/boveda\/cuerpo\/","title":{"rendered":"CUERPO"},"content":{"rendered":"<div class=\"wp-block-group is-layout-flow wp-block-group-is-layout-flow\">\n<link href=\"https:\/\/fonts.googleapis.com\/css2?family=Fugaz+One&#038;family=Poppins:wght@400;500;600;700;800;900&#038;display=swap\" rel=\"stylesheet\">\n\n<div id=\"toolbox-body-page\">\n  <div class=\"tbb-bg-container\">\n    <div class=\"tbb-kinetic-flare tbb-kf-1\"><\/div>\n    <div class=\"tbb-kinetic-flare tbb-kf-2\"><\/div>\n    <div class=\"tbb-hex-grid\"><\/div>\n    <div class=\"tbb-energy-lines\"><\/div>\n  <\/div>\n\n  <div class=\"tbb-content-wrapper\">\n    \n    <header class=\"tbb-hero-section\">\n      <div class=\"tbb-hero-icon\">\ud83d\udcaa<\/div>\n      <h1 class=\"tbb-hero-title\">Domina el cuerpo.<\/h1>\n      <p class=\"tbb-hero-subtitle\">Optimiza la m\u00e1quina. Acrobacia, acondicionamiento esc\u00e9nico, nutrici\u00f3n hiperfuncional y combustible para el performance. Construye un cuerpo dise\u00f1ado para sobrevivir un apocalipsis zombie.<\/p>\n    <\/header>\n\n    <section class=\"tbb-products-section\">\n      <div class=\"tbb-section-header\">\n        <h2>El r\u00e9gimen<\/h2>\n        <p>Movimiento, combustible y poder f\u00edsico<\/p>\n      <\/div>\n      <div class=\"woocommerce tbb-woo-override\">\n        <div class=\"woocommerce columns-4\"><\/div>\n      <\/div>\n    <\/section>\n\n  <\/div>\n<\/div>\n\n<style>\n#toolbox-body-page {\n  --tbb-bg-base: #0a0500;\n  --tbb-card-bg: #140800;\n  --tbb-text: #f8fafc;\n  --tbb-muted: #fde68a;\n  --tbb-primary: #ffaa00;\n  --tbb-primary-glow: rgba(255, 170, 0, 0.4);\n  --tbb-secondary: #ff5500;\n  \n  background-color: var(--tbb-bg-base);\n  color: var(--tbb-text);\n  position: relative;\n  min-height: 100vh;\n  padding: 4rem 0 8rem 0;\n  font-family: 'Poppins', sans-serif;\n  overflow: hidden;\n}\n\n#toolbox-body-page * {\n  box-sizing: border-box;\n}\n\n.tbb-bg-container {\n  position: absolute;\n  top: 0;\n  left: 0;\n  right: 0;\n  bottom: 0;\n  overflow: hidden;\n  z-index: 0;\n  pointer-events: none;\n}\n\n.tbb-kinetic-flare {\n  position: absolute;\n  border-radius: 50%;\n  filter: blur(160px);\n  opacity: 0.35;\n  mix-blend-mode: screen;\n  animation: tbbEnergyPulse 10s infinite alternate cubic-bezier(0.45, 0.05, 0.55, 0.95);\n}\n\n.tbb-kf-1 {\n  width: 55vw;\n  height: 55vw;\n  top: -15%;\n  left: -5%;\n  background: radial-gradient(circle, var(--tbb-primary), transparent 70%);\n}\n\n.tbb-kf-2 {\n  width: 65vw;\n  height: 65vw;\n  bottom: -25%;\n  right: -10%;\n  background: radial-gradient(circle, var(--tbb-secondary), transparent 70%);\n  animation-delay: -5s;\n}\n\n@keyframes tbbEnergyPulse {\n  0% { transform: scale(1) translate(0, 0); opacity: 0.25; }\n  100% { transform: scale(1.15) translate(-3vw, 4vh); opacity: 0.45; }\n}\n\n.tbb-hex-grid {\n  position: absolute;\n  inset: 0;\n  background-image: url(\"data:image\/svg+xml,%3Csvg width='60' height='103.92304845413264' viewBox='0 0 60 103.92304845413264' xmlns='http:\/\/www.w3.org\/2000\/svg'%3E%3Cpath d='M30 103.92304845413264L0 86.60254037844386L0 51.96152422706632L30 34.64101615137754L60 51.96152422706632L60 86.60254037844386Z' fill='none' stroke='rgba(255,170,0,0.05)' stroke-width='1'\/%3E%3Cpath d='M30 51.96152422706632L0 34.64101615137754L0 0L30 -17.32050807568877L60 0L60 34.64101615137754Z' fill='none' stroke='rgba(255,170,0,0.05)' stroke-width='1'\/%3E%3C\/svg%3E\");\n  background-size: 80px 138.56px;\n  mask-image: radial-gradient(circle at center, black 10%, transparent 80%);\n  -webkit-mask-image: radial-gradient(circle at center, black 10%, transparent 80%);\n}\n\n.tbb-energy-lines {\n  position: absolute;\n  inset: 0;\n  background: repeating-linear-gradient(90deg, transparent, transparent 100px, rgba(255, 170, 0, 0.03) 100px, rgba(255, 170, 0, 0.03) 102px);\n  animation: tbbScan 8s linear infinite;\n  opacity: 0.5;\n}\n\n@keyframes tbbScan {\n  0% { transform: translateX(0); }\n  100% { transform: translateX(102px); }\n}\n\n.tbb-content-wrapper {\n  position: relative;\n  z-index: 1;\n  max-width: 1400px;\n  margin: 0 auto;\n  padding: 0 2.5rem;\n}\n\n.tbb-hero-section {\n  text-align: center;\n  max-width: 900px;\n  margin: 0 auto 6rem;\n  animation: tbbFadeUp 1s ease forwards;\n}\n\n@keyframes tbbFadeUp {\n  from { opacity: 0; transform: translateY(40px); }\n  to { opacity: 1; transform: translateY(0); }\n}\n\n.tbb-hero-icon {\n  font-size: 5rem;\n  margin-bottom: 1.5rem;\n  filter: drop-shadow(0 0 25px var(--tbb-primary-glow));\n  animation: tbbFlex 3s ease-in-out infinite alternate;\n  display: inline-block;\n}\n\n@keyframes tbbFlex {\n  0% { transform: scale(1); filter: drop-shadow(0 0 15px var(--tbb-primary-glow)); }\n  100% { transform: scale(1.1); filter: drop-shadow(0 0 35px rgba(255, 170, 0, 0.6)); }\n}\n\n.tbb-hero-title {\n  font-family: 'Fugaz One', cursive;\n  font-size: clamp(3.5rem, 8vw, 6rem);\n  color: #fff;\n  margin: 0 0 1.5rem 0;\n  line-height: 1.1;\n  letter-spacing: 2px;\n  text-shadow: 0 0 40px var(--tbb-primary-glow), 0 0 10px rgba(255, 255, 255, 0.3);\n}\n\n.tbb-hero-subtitle {\n  font-size: 1.3rem;\n  color: var(--tbb-text);\n  line-height: 1.8;\n  margin: 0;\n  opacity: 0.9;\n}\n\n.tbb-products-section {\n  animation: tbbFadeUp 1s ease 0.3s forwards;\n  opacity: 0;\n}\n\n.tbb-section-header {\n  margin-bottom: 4rem;\n  border-bottom: 1px solid rgba(255, 170, 0, 0.3);\n  padding-bottom: 1.5rem;\n  position: relative;\n}\n\n.tbb-section-header::after {\n  content: '';\n  position: absolute;\n  bottom: -2px;\n  left: 0;\n  width: 150px;\n  height: 3px;\n  background: var(--tbb-primary);\n  box-shadow: 0 0 15px var(--tbb-primary);\n}\n\n.tbb-section-header h2 {\n  font-family: 'Fugaz One', cursive;\n  font-size: 3rem;\n  color: #fff;\n  margin: 0 0 0.5rem 0;\n  letter-spacing: 1px;\n  text-shadow: 0 0 20px var(--tbb-primary-glow);\n}\n\n.tbb-section-header p {\n  color: var(--tbb-muted);\n  font-size: 1.2rem;\n  font-weight: 600;\n  text-transform: uppercase;\n  letter-spacing: 0.2em;\n  margin: 0;\n}\n\n#toolbox-body-page .tbb-woo-override {\n  width: 100%;\n}\n\n#toolbox-body-page .tbb-woo-override ul.products {\n  display: grid;\n  grid-template-columns: repeat(auto-fill, minmax(300px, 1fr));\n  gap: 3rem;\n  margin: 0;\n  padding: 0;\n}\n\n#toolbox-body-page .tbb-woo-override ul.products::before,\n#toolbox-body-page .tbb-woo-override ul.products::after {\n  display: none;\n}\n\n#toolbox-body-page .tbb-woo-override ul.products li.product {\n  width: 100% !important;\n  float: none !important;\n  margin: 0 !important;\n  background: var(--tbb-card-bg);\n  border: 1px solid rgba(255, 170, 0, 0.2);\n  border-radius: 28px;\n  padding: 1.8rem !important;\n  text-align: left;\n  display: flex;\n  flex-direction: column;\n  transition: all 0.5s cubic-bezier(0.165, 0.84, 0.44, 1);\n  box-shadow: 0 20px 40px rgba(0,0,0,0.8);\n  position: relative;\n  overflow: hidden;\n}\n\n#toolbox-body-page .tbb-woo-override ul.products li.product::before {\n  content: '';\n  position: absolute;\n  inset: 0;\n  background: radial-gradient(circle at top right, rgba(255, 170, 0, 0.15), transparent 70%);\n  opacity: 0;\n  transition: opacity 0.5s ease;\n  z-index: 0;\n  pointer-events: none;\n}\n\n#toolbox-body-page .tbb-woo-override ul.products li.product:hover {\n  transform: translateY(-10px);\n  border-color: rgba(255, 170, 0, 0.8);\n  box-shadow: 0 30px 60px rgba(0,0,0,0.9), 0 0 40px rgba(255, 170, 0, 0.25);\n  background: #1f0a00;\n}\n\n#toolbox-body-page .tbb-woo-override ul.products li.product:hover::before {\n  opacity: 1;\n}\n\n#toolbox-body-page .tbb-woo-override ul.products li.product a img {\n  width: 100%;\n  height: auto;\n  border-radius: 20px;\n  margin: 0 0 1.8rem 0 !important;\n  aspect-ratio: 1\/1;\n  object-fit: cover;\n  border: 1px solid rgba(255,255,255,0.05);\n  transition: transform 0.7s ease, box-shadow 0.5s ease;\n  position: relative;\n  z-index: 1;\n}\n\n#toolbox-body-page .tbb-woo-override ul.products li.product:hover a img {\n  transform: scale(1.05);\n  box-shadow: 0 20px 40px rgba(0,0,0,0.6);\n}\n\n#toolbox-body-page .tbb-woo-override ul.products li.product .woocommerce-loop-product__title {\n  font-family: 'Poppins', sans-serif;\n  font-size: 1.4rem !important;\n  font-weight: 800 !important;\n  color: #fff !important;\n  margin: 0 0 1rem 0 !important;\n  line-height: 1.4 !important;\n  position: relative;\n  z-index: 1;\n}\n\n#toolbox-body-page .tbb-woo-override ul.products li.product .price {\n  color: #fff !important;\n  font-size: 1.3rem !important;\n  font-weight: 700 !important;\n  margin: 0 0 1.8rem 0 !important;\n  display: block;\n  position: relative;\n  z-index: 1;\n}\n\n#toolbox-body-page .tbb-woo-override ul.products li.product .price del {\n  opacity: 0.6;\n  font-size: 0.95rem;\n  margin-right: 0.6rem;\n  color: #a89fba;\n}\n\n#toolbox-body-page .tbb-woo-override ul.products li.product .button,\n#toolbox-body-page .tbb-woo-override ul.products li.product .added_to_cart {\n  display: inline-flex !important;\n  align-items: center;\n  justify-content: center;\n  width: 100%;\n  padding: 1.2rem !important;\n  border-radius: 14px !important;\n  background: rgba(255, 170, 0, 0.1) !important;\n  color: var(--tbb-primary) !important;\n  font-weight: 800 !important;\n  font-size: 0.95rem !important;\n  text-transform: uppercase;\n  letter-spacing: 0.15em;\n  border: 1px solid rgba(255, 170, 0, 0.4) !important;\n  transition: all 0.4s cubic-bezier(0.165, 0.84, 0.44, 1) !important;\n  margin-top: auto;\n  position: relative;\n  z-index: 1;\n}\n\n#toolbox-body-page .tbb-woo-override ul.products li.product .button:hover,\n#toolbox-body-page .tbb-woo-override ul.products li.product .added_to_cart:hover {\n  background: var(--tbb-primary) !important;\n  color: #000 !important;\n  border-color: var(--tbb-primary) !important;\n  transform: translateY(-4px);\n  box-shadow: 0 15px 30px rgba(255, 170, 0, 0.4) !important;\n}\n\n#toolbox-body-page nav.woocommerce-pagination {\n  margin-top: 5rem;\n}\n\n#toolbox-body-page nav.woocommerce-pagination ul {\n  border: none !important;\n  display: flex;\n  justify-content: center;\n  gap: 0.6rem;\n}\n\n#toolbox-body-page nav.woocommerce-pagination ul li {\n  border: none !important;\n}\n\n#toolbox-body-page nav.woocommerce-pagination ul li a,\n#toolbox-body-page nav.woocommerce-pagination ul li span {\n  display: flex;\n  align-items: center;\n  justify-content: center;\n  width: 50px;\n  height: 50px;\n  border-radius: 14px;\n  background: var(--tbb-card-bg);\n  border: 1px solid rgba(255, 170, 0, 0.3);\n  color: #fff;\n  font-weight: 800;\n  font-size: 1.1rem;\n  transition: all 0.4s ease;\n  padding: 0;\n}\n\n#toolbox-body-page nav.woocommerce-pagination ul li a:hover {\n  background: rgba(255, 170, 0, 0.2);\n  border-color: var(--tbb-primary);\n  transform: translateY(-3px);\n}\n\n#toolbox-body-page nav.woocommerce-pagination ul li span.current {\n  background: var(--tbb-primary);\n  color: #000;\n  border-color: var(--tbb-primary);\n  box-shadow: 0 10px 25px rgba(255, 170, 0, 0.4);\n}\n\n@media (max-width: 1024px) {\n  #toolbox-body-page .tbb-woo-override ul.products { grid-template-columns: repeat(2, 1fr); gap: 2rem; }\n}\n\n@media (max-width: 768px) {\n  #toolbox-body-page { padding: 2rem 0 5rem 0; }\n  .tbb-content-wrapper { padding: 0 1.5rem; }\n  .tbb-hero-section { margin-bottom: 4rem; }\n  .tbb-hero-icon { font-size: 4rem; }\n  .tbb-hero-subtitle { font-size: 1.1rem; }\n  \n  #toolbox-body-page .tbb-woo-override ul.products { grid-template-columns: repeat(auto-fill, minmax(240px, 1fr)); gap: 1.5rem; }\n  #toolbox-body-page .tbb-woo-override ul.products li.product { padding: 1.5rem !important; border-radius: 24px; }\n}\n\n@media (max-width: 480px) {\n  .tbb-hero-title { font-size: 3rem; }\n  .tbb-section-header h2 { font-size: 2.2rem; }\n  #toolbox-body-page .tbb-woo-override ul.products { grid-template-columns: 1fr; }\n}\n<\/style>\n<\/div>","protected":false},"excerpt":{"rendered":"<p>\ud83d\udcaa Command the Vessel. Optimize the machine. Acrobatics, stage conditioning, hyper-functional nutrition, and performance fuel. Build a body designed to survive a zombie apocalypse. The Regimen Movement, Fuel &#038; Physical Power<\/p>","protected":false},"author":1,"featured_media":6575,"parent":5765,"menu_order":0,"comment_status":"closed","ping_status":"closed","template":"toolbox-page","meta":{"pmpro_default_level":"","sync_status":"","episode_type":"","audio_file":"","podmotor_file_id":"","podmotor_episode_id":"","castos_file_data":"","cover_image":"","cover_image_id":"","duration":"","filesize":"","filesize_raw":"","date_recorded":"","explicit":"","block":"","itunes_episode_number":"","itunes_title":"","itunes_season_number":"","itunes_episode_type":"","footnotes":""},"class_list":["post-10657","page","type-page","status-publish","has-post-thumbnail","hentry","pmpro-has-access"],"yoast_head":"<!-- This site is optimized with the Yoast SEO plugin v27.5 - https:\/\/yoast.com\/product\/yoast-seo-wordpress\/ -->\n<title>BODY | gabroverse<\/title>\n<meta name=\"description\" content=\"Access the gabroverse BODY vault for acrobatics, stage conditioning, and hyper-functional nutrition. Build a body designed to survive.\" \/>\n<meta name=\"robots\" content=\"index, follow, max-snippet:-1, max-image-preview:large, max-video-preview:-1\" \/>\n<link rel=\"canonical\" href=\"https:\/\/gabroverse.com\/es\/boveda\/cuerpo\/\" \/>\n<meta property=\"og:locale\" content=\"es_ES\" \/>\n<meta property=\"og:type\" content=\"article\" \/>\n<meta property=\"og:title\" content=\"BODY | gabroverse\" \/>\n<meta property=\"og:description\" content=\"Access the gabroverse BODY vault for acrobatics, stage conditioning, and hyper-functional nutrition. Build a body designed to survive.\" \/>\n<meta property=\"og:url\" content=\"https:\/\/gabroverse.com\/es\/boveda\/cuerpo\/\" \/>\n<meta property=\"og:site_name\" content=\"gabroverse\" \/>\n<meta property=\"article:modified_time\" content=\"2026-05-06T13:26:14+00:00\" \/>\n<meta property=\"og:image\" content=\"https:\/\/gabroverse.com\/wp-content\/uploads\/bg-gabro-yt-empt-00-scaled.webp?wsr\" \/>\n\t<meta property=\"og:image:width\" content=\"2560\" \/>\n\t<meta property=\"og:image:height\" content=\"1429\" \/>\n\t<meta property=\"og:image:type\" content=\"image\/webp\" \/>\n<meta name=\"twitter:card\" content=\"summary_large_image\" \/>\n<meta name=\"twitter:label1\" content=\"Tiempo de lectura\" \/>\n\t<meta name=\"twitter:data1\" content=\"1 minuto\" \/>\n<script type=\"application\/ld+json\" class=\"yoast-schema-graph\">{\"@context\":\"https:\\\/\\\/schema.org\",\"@graph\":[{\"@type\":\"WebPage\",\"@id\":\"https:\\\/\\\/gabroverse.com\\\/es\\\/boveda\\\/cuerpo\\\/\",\"url\":\"https:\\\/\\\/gabroverse.com\\\/es\\\/boveda\\\/cuerpo\\\/\",\"name\":\"BODY | gabroverse\",\"isPartOf\":{\"@id\":\"https:\\\/\\\/gabroverse.com\\\/es\\\/#website\"},\"primaryImageOfPage\":{\"@id\":\"https:\\\/\\\/gabroverse.com\\\/es\\\/boveda\\\/cuerpo\\\/#primaryimage\"},\"image\":{\"@id\":\"https:\\\/\\\/gabroverse.com\\\/es\\\/boveda\\\/cuerpo\\\/#primaryimage\"},\"thumbnailUrl\":\"https:\\\/\\\/gabroverse.com\\\/wp-content\\\/uploads\\\/bg-gabro-yt-empt-00-scaled.webp\",\"datePublished\":\"2026-05-04T21:24:11+00:00\",\"dateModified\":\"2026-05-06T13:26:14+00:00\",\"description\":\"Access the gabroverse BODY vault for acrobatics, stage conditioning, and hyper-functional nutrition. Build a body designed to survive.\",\"breadcrumb\":{\"@id\":\"https:\\\/\\\/gabroverse.com\\\/es\\\/boveda\\\/cuerpo\\\/#breadcrumb\"},\"inLanguage\":\"es\",\"potentialAction\":[{\"@type\":\"ReadAction\",\"target\":[\"https:\\\/\\\/gabroverse.com\\\/es\\\/boveda\\\/cuerpo\\\/\"]}]},{\"@type\":\"ImageObject\",\"inLanguage\":\"es\",\"@id\":\"https:\\\/\\\/gabroverse.com\\\/es\\\/boveda\\\/cuerpo\\\/#primaryimage\",\"url\":\"https:\\\/\\\/gabroverse.com\\\/wp-content\\\/uploads\\\/bg-gabro-yt-empt-00-scaled.webp\",\"contentUrl\":\"https:\\\/\\\/gabroverse.com\\\/wp-content\\\/uploads\\\/bg-gabro-yt-empt-00-scaled.webp\",\"width\":2560,\"height\":1429,\"caption\":\"Cosmic galaxy scene with swirling nebulae, planets, and shooting stars, musical staff lines flowing across space, and the glowing word \u2018gabro\u2019 centered, with the text \u2018gabroverse.com\u2019 beneath it.\"},{\"@type\":\"BreadcrumbList\",\"@id\":\"https:\\\/\\\/gabroverse.com\\\/es\\\/boveda\\\/cuerpo\\\/#breadcrumb\",\"itemListElement\":[{\"@type\":\"ListItem\",\"position\":1,\"name\":\"Home\",\"item\":\"https:\\\/\\\/gabroverse.com\\\/\"},{\"@type\":\"ListItem\",\"position\":2,\"name\":\"THE VAULT\",\"item\":\"https:\\\/\\\/gabroverse.com\\\/vault\\\/\"},{\"@type\":\"ListItem\",\"position\":3,\"name\":\"BODY\"}]},{\"@type\":\"WebSite\",\"@id\":\"https:\\\/\\\/gabroverse.com\\\/es\\\/#website\",\"url\":\"https:\\\/\\\/gabroverse.com\\\/es\\\/\",\"name\":\"gabroverse\",\"description\":\"the world of gabro\",\"publisher\":{\"@id\":\"https:\\\/\\\/gabroverse.com\\\/es\\\/#organization\"},\"potentialAction\":[{\"@type\":\"SearchAction\",\"target\":{\"@type\":\"EntryPoint\",\"urlTemplate\":\"https:\\\/\\\/gabroverse.com\\\/es\\\/?s={search_term_string}\"},\"query-input\":{\"@type\":\"PropertyValueSpecification\",\"valueRequired\":true,\"valueName\":\"search_term_string\"}}],\"inLanguage\":\"es\"},{\"@type\":\"Organization\",\"@id\":\"https:\\\/\\\/gabroverse.com\\\/es\\\/#organization\",\"name\":\"gabroverse\",\"url\":\"https:\\\/\\\/gabroverse.com\\\/es\\\/\",\"logo\":{\"@type\":\"ImageObject\",\"inLanguage\":\"es\",\"@id\":\"https:\\\/\\\/gabroverse.com\\\/es\\\/#\\\/schema\\\/logo\\\/image\\\/\",\"url\":\"https:\\\/\\\/gabroverse.com\\\/wp-content\\\/uploads\\\/logo-gabro-nu1-sq.webp\",\"contentUrl\":\"https:\\\/\\\/gabroverse.com\\\/wp-content\\\/uploads\\\/logo-gabro-nu1-sq.webp\",\"width\":1024,\"height\":1024,\"caption\":\"gabroverse\"},\"image\":{\"@id\":\"https:\\\/\\\/gabroverse.com\\\/es\\\/#\\\/schema\\\/logo\\\/image\\\/\"}}]}<\/script>\n<!-- \/ Yoast SEO plugin. -->","yoast_head_json":{"title":"CUERPO | gabroverse","description":"Access the gabroverse BODY vault for acrobatics, stage conditioning, and hyper-functional nutrition. Build a body designed to survive.","robots":{"index":"index","follow":"follow","max-snippet":"max-snippet:-1","max-image-preview":"max-image-preview:large","max-video-preview":"max-video-preview:-1"},"canonical":"https:\/\/gabroverse.com\/es\/boveda\/cuerpo\/","og_locale":"es_ES","og_type":"article","og_title":"BODY | gabroverse","og_description":"Access the gabroverse BODY vault for acrobatics, stage conditioning, and hyper-functional nutrition. Build a body designed to survive.","og_url":"https:\/\/gabroverse.com\/es\/boveda\/cuerpo\/","og_site_name":"gabroverse","article_modified_time":"2026-05-06T13:26:14+00:00","og_image":[{"width":2560,"height":1429,"url":"https:\/\/gabroverse.com\/wp-content\/uploads\/bg-gabro-yt-empt-00-scaled.webp?wsr","type":"image\/webp"}],"twitter_card":"summary_large_image","twitter_misc":{"Tiempo de lectura":"1 minuto"},"schema":{"@context":"https:\/\/schema.org","@graph":[{"@type":"WebPage","@id":"https:\/\/gabroverse.com\/es\/boveda\/cuerpo\/","url":"https:\/\/gabroverse.com\/es\/boveda\/cuerpo\/","name":"CUERPO | gabroverse","isPartOf":{"@id":"https:\/\/gabroverse.com\/es\/#website"},"primaryImageOfPage":{"@id":"https:\/\/gabroverse.com\/es\/boveda\/cuerpo\/#primaryimage"},"image":{"@id":"https:\/\/gabroverse.com\/es\/boveda\/cuerpo\/#primaryimage"},"thumbnailUrl":"https:\/\/gabroverse.com\/wp-content\/uploads\/bg-gabro-yt-empt-00-scaled.webp","datePublished":"2026-05-04T21:24:11+00:00","dateModified":"2026-05-06T13:26:14+00:00","description":"Access the gabroverse BODY vault for acrobatics, stage conditioning, and hyper-functional nutrition. Build a body designed to survive.","breadcrumb":{"@id":"https:\/\/gabroverse.com\/es\/boveda\/cuerpo\/#breadcrumb"},"inLanguage":"es","potentialAction":[{"@type":"ReadAction","target":["https:\/\/gabroverse.com\/es\/boveda\/cuerpo\/"]}]},{"@type":"ImageObject","inLanguage":"es","@id":"https:\/\/gabroverse.com\/es\/boveda\/cuerpo\/#primaryimage","url":"https:\/\/gabroverse.com\/wp-content\/uploads\/bg-gabro-yt-empt-00-scaled.webp","contentUrl":"https:\/\/gabroverse.com\/wp-content\/uploads\/bg-gabro-yt-empt-00-scaled.webp","width":2560,"height":1429,"caption":"Cosmic galaxy scene with swirling nebulae, planets, and shooting stars, musical staff lines flowing across space, and the glowing word \u2018gabro\u2019 centered, with the text \u2018gabroverse.com\u2019 beneath it."},{"@type":"BreadcrumbList","@id":"https:\/\/gabroverse.com\/es\/boveda\/cuerpo\/#breadcrumb","itemListElement":[{"@type":"ListItem","position":1,"name":"Home","item":"https:\/\/gabroverse.com\/"},{"@type":"ListItem","position":2,"name":"THE VAULT","item":"https:\/\/gabroverse.com\/vault\/"},{"@type":"ListItem","position":3,"name":"BODY"}]},{"@type":"WebSite","@id":"https:\/\/gabroverse.com\/es\/#website","url":"https:\/\/gabroverse.com\/es\/","name":"gabroverse","description":"el mundo de gabro","publisher":{"@id":"https:\/\/gabroverse.com\/es\/#organization"},"potentialAction":[{"@type":"SearchAction","target":{"@type":"EntryPoint","urlTemplate":"https:\/\/gabroverse.com\/es\/?s={search_term_string}"},"query-input":{"@type":"PropertyValueSpecification","valueRequired":true,"valueName":"search_term_string"}}],"inLanguage":"es"},{"@type":"Organization","@id":"https:\/\/gabroverse.com\/es\/#organization","name":"gabroverse","url":"https:\/\/gabroverse.com\/es\/","logo":{"@type":"ImageObject","inLanguage":"es","@id":"https:\/\/gabroverse.com\/es\/#\/schema\/logo\/image\/","url":"https:\/\/gabroverse.com\/wp-content\/uploads\/logo-gabro-nu1-sq.webp","contentUrl":"https:\/\/gabroverse.com\/wp-content\/uploads\/logo-gabro-nu1-sq.webp","width":1024,"height":1024,"caption":"gabroverse"},"image":{"@id":"https:\/\/gabroverse.com\/es\/#\/schema\/logo\/image\/"}}]}},"_links":{"self":[{"href":"https:\/\/gabroverse.com\/es\/wp-json\/wp\/v2\/pages\/10657","targetHints":{"allow":["GET"]}}],"collection":[{"href":"https:\/\/gabroverse.com\/es\/wp-json\/wp\/v2\/pages"}],"about":[{"href":"https:\/\/gabroverse.com\/es\/wp-json\/wp\/v2\/types\/page"}],"author":[{"embeddable":true,"href":"https:\/\/gabroverse.com\/es\/wp-json\/wp\/v2\/users\/1"}],"replies":[{"embeddable":true,"href":"https:\/\/gabroverse.com\/es\/wp-json\/wp\/v2\/comments?post=10657"}],"version-history":[{"count":4,"href":"https:\/\/gabroverse.com\/es\/wp-json\/wp\/v2\/pages\/10657\/revisions"}],"predecessor-version":[{"id":10742,"href":"https:\/\/gabroverse.com\/es\/wp-json\/wp\/v2\/pages\/10657\/revisions\/10742"}],"up":[{"embeddable":true,"href":"https:\/\/gabroverse.com\/es\/wp-json\/wp\/v2\/pages\/5765"}],"wp:featuredmedia":[{"embeddable":true,"href":"https:\/\/gabroverse.com\/es\/wp-json\/wp\/v2\/media\/6575"}],"wp:attachment":[{"href":"https:\/\/gabroverse.com\/es\/wp-json\/wp\/v2\/media?parent=10657"}],"curies":[{"name":"wp","href":"https:\/\/api.w.org\/{rel}","templated":true}]}}