{"id":10660,"date":"2026-05-04T14:27:19","date_gmt":"2026-05-04T21:27:19","guid":{"rendered":"https:\/\/gabroverse.com\/"},"modified":"2026-05-06T06:25:22","modified_gmt":"2026-05-06T13:25:22","slug":"suena","status":"publish","type":"page","link":"https:\/\/gabroverse.com\/es\/boveda\/suena\/","title":{"rendered":"SUENA"},"content":{"rendered":"<div class=\"wp-block-group is-layout-flow wp-block-group-is-layout-flow\">\n<link href=\"https:\/\/fonts.googleapis.com\/css2?family=Fugaz+One&#038;family=Poppins:wght@400;500;600;700;800;900&#038;display=swap\" rel=\"stylesheet\">\n\n<div id=\"toolbox-sound-page\">\n  <div class=\"tbs-bg-container\">\n    <div class=\"tbs-sonic-flare tbs-sf-1\"><\/div>\n    <div class=\"tbs-sonic-flare tbs-sf-2\"><\/div>\n    <div class=\"tbs-audio-grid\"><\/div>\n    <div class=\"tbs-freq-lines\"><\/div>\n    <div class=\"tbs-floating-notes\">\n      <span class=\"tbs-note\" style=\"--delay: 0s; --left: 15%; --speed: 20s; --size: 3rem;\">\u266a<\/span>\n      <span class=\"tbs-note\" style=\"--delay: 4s; --left: 80%; --speed: 25s; --size: 5rem;\">\u266b<\/span>\n      <span class=\"tbs-note\" style=\"--delay: 9s; --left: 35%; --speed: 18s; --size: 2.5rem;\">\u266c<\/span>\n      <span class=\"tbs-note\" style=\"--delay: 15s; --left: 65%; --speed: 22s; --size: 4rem;\">\u266a<\/span>\n      <span class=\"tbs-note\" style=\"--delay: 6s; --left: 25%; --speed: 24s; --size: 6rem;\">\u2669<\/span>\n    <\/div>\n  <\/div>\n\n  <div class=\"tbs-content-wrapper\">\n    \n    <header class=\"tbs-hero-section\">\n      <div class=\"tbs-hero-icon\">\ud83c\udf99\ufe0f<\/div>\n      <h1 class=\"tbs-hero-title\">Manipula las ondas.<\/h1>\n      <p class=\"tbs-hero-subtitle\">Poder vocal, ingenier\u00eda de audio \u00e9lite, arquitectura de home studio y alquimia sonora. Construye un paisaje sonoro que golpee el cuerpo, doble la habitaci\u00f3n y haga que tu frecuencia sea imposible de ignorar.<\/p>\n    <\/header>\n\n    <section class=\"tbs-products-section\">\n      <div class=\"tbs-section-header\">\n        <h2>La frecuencia<\/h2>\n        <p>Producci\u00f3n de voz + sonido<\/p>\n      <\/div>\n      <div class=\"woocommerce tbs-woo-override\">\n        <div class=\"woocommerce columns-4\"><\/div>\n      <\/div>\n    <\/section>\n\n  <\/div>\n<\/div>\n\n<style>\n#toolbox-sound-page {\n  --tbs-bg-base: #050a00;\n  --tbs-card-bg: #0a1400;\n  --tbs-text: #f8fafc;\n  --tbs-muted: #d9f99d;\n  --tbs-primary: #ccff00;\n  --tbs-primary-glow: rgba(204, 255, 0, 0.4);\n  --tbs-secondary: #88cc00;\n  \n  background-color: var(--tbs-bg-base);\n  color: var(--tbs-text);\n  position: relative;\n  min-height: 100vh;\n  padding: 4rem 0 8rem 0;\n  font-family: 'Poppins', sans-serif;\n  overflow: hidden;\n}\n\n#toolbox-sound-page * {\n  box-sizing: border-box;\n}\n\n.tbs-bg-container {\n  position: absolute;\n  top: 0;\n  left: 0;\n  right: 0;\n  bottom: 0;\n  overflow: hidden;\n  z-index: 0;\n  pointer-events: none;\n}\n\n.tbs-sonic-flare {\n  position: absolute;\n  border-radius: 50%;\n  filter: blur(160px);\n  opacity: 0.25;\n  mix-blend-mode: screen;\n  animation: tbsAudioPulse 8s infinite alternate cubic-bezier(0.25, 0.1, 0.25, 1);\n}\n\n.tbs-sf-1 {\n  width: 50vw;\n  height: 50vw;\n  top: -10%;\n  left: -10%;\n  background: radial-gradient(circle, var(--tbs-primary), transparent 70%);\n}\n\n.tbs-sf-2 {\n  width: 60vw;\n  height: 60vw;\n  bottom: -20%;\n  right: -10%;\n  background: radial-gradient(circle, var(--tbs-secondary), transparent 70%);\n  animation-delay: -3s;\n}\n\n@keyframes tbsAudioPulse {\n  0% { transform: scale(0.95); opacity: 0.15; }\n  50% { transform: scale(1.05); opacity: 0.3; }\n  100% { transform: scale(0.9); opacity: 0.15; }\n}\n\n.tbs-audio-grid {\n  position: absolute;\n  inset: 0;\n  background-size: 50px 50px;\n  background-image: linear-gradient(to right, rgba(204, 255, 0, 0.03) 1px, transparent 1px),\n                    linear-gradient(to bottom, rgba(204, 255, 0, 0.03) 1px, transparent 1px);\n  mask-image: radial-gradient(ellipse at center, black 10%, transparent 80%);\n  -webkit-mask-image: radial-gradient(ellipse at center, black 10%, transparent 80%);\n  opacity: 0.6;\n}\n\n.tbs-freq-lines {\n  position: absolute;\n  inset: 0;\n  background: repeating-linear-gradient(0deg, transparent, transparent 4px, rgba(204, 255, 0, 0.04) 4px, rgba(204, 255, 0, 0.04) 8px);\n  animation: tbsWaveScan 12s linear infinite;\n  opacity: 0.4;\n  mask-image: radial-gradient(circle at 50% 50%, black 20%, transparent 90%);\n  -webkit-mask-image: radial-gradient(circle at 50% 50%, black 20%, transparent 90%);\n}\n\n@keyframes tbsWaveScan {\n  0% { background-position: 0 0; }\n  100% { background-position: 0 1000px; }\n}\n\n.tbs-floating-notes {\n  position: absolute;\n  inset: 0;\n}\n\n.tbs-note {\n  position: absolute;\n  bottom: -10%;\n  left: var(--left);\n  font-size: var(--size);\n  color: var(--tbs-primary);\n  opacity: 0.04;\n  animation: tbsFloatUp var(--speed) linear infinite;\n  animation-delay: var(--delay);\n  text-shadow: 0 0 15px var(--tbs-primary);\n}\n\n@keyframes tbsFloatUp {\n  0% { transform: translateY(0) rotate(-15deg); opacity: 0; }\n  10% { opacity: 0.06; }\n  90% { opacity: 0.06; }\n  100% { transform: translateY(-120vh) rotate(15deg); opacity: 0; }\n}\n\n.tbs-content-wrapper {\n  position: relative;\n  z-index: 1;\n  max-width: 1400px;\n  margin: 0 auto;\n  padding: 0 2.5rem;\n}\n\n.tbs-hero-section {\n  text-align: center;\n  max-width: 900px;\n  margin: 0 auto 6rem;\n  animation: tbsFadeUp 1s ease forwards;\n}\n\n@keyframes tbsFadeUp {\n  from { opacity: 0; transform: translateY(40px); }\n  to { opacity: 1; transform: translateY(0); }\n}\n\n.tbs-hero-icon {\n  font-size: 5rem;\n  margin-bottom: 1.5rem;\n  filter: drop-shadow(0 0 25px var(--tbs-primary-glow));\n  animation: tbsMicPulse 2s ease-in-out infinite alternate;\n  display: inline-block;\n}\n\n@keyframes tbsMicPulse {\n  0% { transform: scale(1); filter: drop-shadow(0 0 15px rgba(204, 255, 0, 0.3)); }\n  100% { transform: scale(1.1); filter: drop-shadow(0 0 35px rgba(204, 255, 0, 0.6)); }\n}\n\n.tbs-hero-title {\n  font-family: 'Fugaz One', cursive;\n  font-size: clamp(3.5rem, 8vw, 6rem);\n  color: #fff;\n  margin: 0 0 1.5rem 0;\n  line-height: 1.1;\n  letter-spacing: 2px;\n  text-shadow: 0 0 40px var(--tbs-primary-glow), 0 0 10px rgba(255, 255, 255, 0.3);\n}\n\n.tbs-hero-subtitle {\n  font-size: 1.3rem;\n  color: var(--tbs-text);\n  line-height: 1.8;\n  margin: 0;\n  opacity: 0.9;\n}\n\n.tbs-products-section {\n  animation: tbsFadeUp 1s ease 0.3s forwards;\n  opacity: 0;\n}\n\n.tbs-section-header {\n  margin-bottom: 4rem;\n  border-bottom: 1px solid rgba(204, 255, 0, 0.2);\n  padding-bottom: 1.5rem;\n  position: relative;\n}\n\n.tbs-section-header::after {\n  content: '';\n  position: absolute;\n  bottom: -2px;\n  left: 0;\n  width: 150px;\n  height: 3px;\n  background: var(--tbs-primary);\n  box-shadow: 0 0 15px var(--tbs-primary);\n}\n\n.tbs-section-header h2 {\n  font-family: 'Fugaz One', cursive;\n  font-size: 3rem;\n  color: #fff;\n  margin: 0 0 0.5rem 0;\n  letter-spacing: 1px;\n  text-shadow: 0 0 20px var(--tbs-primary-glow);\n}\n\n.tbs-section-header p {\n  color: var(--tbs-muted);\n  font-size: 1.2rem;\n  font-weight: 600;\n  text-transform: uppercase;\n  letter-spacing: 0.2em;\n  margin: 0;\n}\n\n#toolbox-sound-page .tbs-woo-override {\n  width: 100%;\n}\n\n#toolbox-sound-page .tbs-woo-override ul.products {\n  display: grid;\n  grid-template-columns: repeat(auto-fill, minmax(300px, 1fr));\n  gap: 3rem;\n  margin: 0;\n  padding: 0;\n}\n\n#toolbox-sound-page .tbs-woo-override ul.products::before,\n#toolbox-sound-page .tbs-woo-override ul.products::after {\n  display: none;\n}\n\n#toolbox-sound-page .tbs-woo-override ul.products li.product {\n  width: 100% !important;\n  float: none !important;\n  margin: 0 !important;\n  background: var(--tbs-card-bg);\n  border: 1px solid rgba(204, 255, 0, 0.2);\n  border-radius: 28px;\n  padding: 1.8rem !important;\n  text-align: left;\n  display: flex;\n  flex-direction: column;\n  transition: all 0.5s cubic-bezier(0.165, 0.84, 0.44, 1);\n  box-shadow: 0 20px 40px rgba(0,0,0,0.8);\n  position: relative;\n  overflow: hidden;\n}\n\n#toolbox-sound-page .tbs-woo-override ul.products li.product::before {\n  content: '';\n  position: absolute;\n  inset: 0;\n  background: radial-gradient(circle at top right, rgba(204, 255, 0, 0.1), transparent 70%);\n  opacity: 0;\n  transition: opacity 0.5s ease;\n  z-index: 0;\n  pointer-events: none;\n}\n\n#toolbox-sound-page .tbs-woo-override ul.products li.product:hover {\n  transform: translateY(-10px);\n  border-color: rgba(204, 255, 0, 0.6);\n  box-shadow: 0 30px 60px rgba(0,0,0,0.9), 0 0 40px rgba(204, 255, 0, 0.2);\n  background: #0f1f00;\n}\n\n#toolbox-sound-page .tbs-woo-override ul.products li.product:hover::before {\n  opacity: 1;\n}\n\n#toolbox-sound-page .tbs-woo-override ul.products li.product a img {\n  width: 100%;\n  height: auto;\n  border-radius: 20px;\n  margin: 0 0 1.8rem 0 !important;\n  aspect-ratio: 1\/1;\n  object-fit: cover;\n  border: 1px solid rgba(255,255,255,0.05);\n  transition: transform 0.7s ease, box-shadow 0.5s ease;\n  position: relative;\n  z-index: 1;\n}\n\n#toolbox-sound-page .tbs-woo-override ul.products li.product:hover a img {\n  transform: scale(1.05);\n  box-shadow: 0 20px 40px rgba(0,0,0,0.6);\n}\n\n#toolbox-sound-page .tbs-woo-override ul.products li.product .woocommerce-loop-product__title {\n  font-family: 'Poppins', sans-serif;\n  font-size: 1.4rem !important;\n  font-weight: 800 !important;\n  color: #fff !important;\n  margin: 0 0 1rem 0 !important;\n  line-height: 1.4 !important;\n  position: relative;\n  z-index: 1;\n}\n\n#toolbox-sound-page .tbs-woo-override ul.products li.product .price {\n  color: var(--tbs-primary) !important;\n  font-size: 1.3rem !important;\n  font-weight: 700 !important;\n  margin: 0 0 1.8rem 0 !important;\n  display: block;\n  position: relative;\n  z-index: 1;\n}\n\n#toolbox-sound-page .tbs-woo-override ul.products li.product .price del {\n  opacity: 0.6;\n  font-size: 0.95rem;\n  margin-right: 0.6rem;\n  color: #a89fba;\n}\n\n#toolbox-sound-page .tbs-woo-override ul.products li.product .button,\n#toolbox-sound-page .tbs-woo-override ul.products li.product .added_to_cart {\n  display: inline-flex !important;\n  align-items: center;\n  justify-content: center;\n  width: 100%;\n  padding: 1.2rem !important;\n  border-radius: 14px !important;\n  background: rgba(204, 255, 0, 0.08) !important;\n  color: var(--tbs-primary) !important;\n  font-weight: 800 !important;\n  font-size: 0.95rem !important;\n  text-transform: uppercase;\n  letter-spacing: 0.15em;\n  border: 1px solid rgba(204, 255, 0, 0.3) !important;\n  transition: all 0.4s cubic-bezier(0.165, 0.84, 0.44, 1) !important;\n  margin-top: auto;\n  position: relative;\n  z-index: 1;\n}\n\n#toolbox-sound-page .tbs-woo-override ul.products li.product .button:hover,\n#toolbox-sound-page .tbs-woo-override ul.products li.product .added_to_cart:hover {\n  background: var(--tbs-primary) !important;\n  color: #000 !important;\n  border-color: var(--tbs-primary) !important;\n  transform: translateY(-4px);\n  box-shadow: 0 15px 30px rgba(204, 255, 0, 0.3) !important;\n}\n\n#toolbox-sound-page nav.woocommerce-pagination {\n  margin-top: 5rem;\n}\n\n#toolbox-sound-page nav.woocommerce-pagination ul {\n  border: none !important;\n  display: flex;\n  justify-content: center;\n  gap: 0.6rem;\n}\n\n#toolbox-sound-page nav.woocommerce-pagination ul li {\n  border: none !important;\n}\n\n#toolbox-sound-page nav.woocommerce-pagination ul li a,\n#toolbox-sound-page nav.woocommerce-pagination ul li span {\n  display: flex;\n  align-items: center;\n  justify-content: center;\n  width: 50px;\n  height: 50px;\n  border-radius: 14px;\n  background: var(--tbs-card-bg);\n  border: 1px solid rgba(204, 255, 0, 0.3);\n  color: #fff;\n  font-weight: 800;\n  font-size: 1.1rem;\n  transition: all 0.4s ease;\n  padding: 0;\n}\n\n#toolbox-sound-page nav.woocommerce-pagination ul li a:hover {\n  background: rgba(204, 255, 0, 0.2);\n  border-color: var(--tbs-primary);\n  transform: translateY(-3px);\n}\n\n#toolbox-sound-page nav.woocommerce-pagination ul li span.current {\n  background: var(--tbs-primary);\n  color: #000;\n  border-color: var(--tbs-primary);\n  box-shadow: 0 10px 25px rgba(204, 255, 0, 0.4);\n}\n\n@media (max-width: 1024px) {\n  #toolbox-sound-page .tbs-woo-override ul.products { grid-template-columns: repeat(2, 1fr); gap: 2rem; }\n}\n\n@media (max-width: 768px) {\n  #toolbox-sound-page { padding: 2rem 0 5rem 0; }\n  .tbs-content-wrapper { padding: 0 1.5rem; }\n  .tbs-hero-section { margin-bottom: 4rem; }\n  .tbs-hero-icon { font-size: 4rem; }\n  .tbs-hero-subtitle { font-size: 1.1rem; }\n  \n  #toolbox-sound-page .tbs-woo-override ul.products { grid-template-columns: repeat(auto-fill, minmax(240px, 1fr)); gap: 1.5rem; }\n  #toolbox-sound-page .tbs-woo-override ul.products li.product { padding: 1.5rem !important; border-radius: 24px; }\n}\n\n@media (max-width: 480px) {\n  .tbs-hero-title { font-size: 3rem; }\n  .tbs-section-header h2 { font-size: 2.2rem; }\n  #toolbox-sound-page .tbs-woo-override ul.products { grid-template-columns: 1fr; }\n}\n<\/style>\n<\/div>","protected":false},"excerpt":{"rendered":"<p>\u266a \u266b \u266c \u266a \u2669 \ud83c\udf99\ufe0f Manipulate the Airwaves. Vocal power, elite audio engineering, home studio architecture, and sonic alchemy. Build a soundscape that hits the body, bends the room, and makes your frequency impossible to ignore. The Frequency Voice + Sound Production<\/p>","protected":false},"author":1,"featured_media":6575,"parent":5765,"menu_order":0,"comment_status":"closed","ping_status":"closed","template":"toolbox-page","meta":{"pmpro_default_level":"","sync_status":"","episode_type":"","audio_file":"","podmotor_file_id":"","podmotor_episode_id":"","castos_file_data":"","cover_image":"","cover_image_id":"","duration":"","filesize":"","filesize_raw":"","date_recorded":"","explicit":"","block":"","itunes_episode_number":"","itunes_title":"","itunes_season_number":"","itunes_episode_type":"","footnotes":""},"class_list":["post-10660","page","type-page","status-publish","has-post-thumbnail","hentry","pmpro-has-access"],"yoast_head":"<!-- This site is optimized with the Yoast SEO plugin v27.5 - https:\/\/yoast.com\/product\/yoast-seo-wordpress\/ -->\n<title>SOUND | gabroverse<\/title>\n<meta name=\"description\" content=\"Access the gabroverse SOUND vault for elite vocal power, home studio architecture, and audio engineering. Command your frequency.\" \/>\n<meta name=\"robots\" content=\"index, follow, max-snippet:-1, max-image-preview:large, max-video-preview:-1\" \/>\n<link rel=\"canonical\" href=\"https:\/\/gabroverse.com\/es\/boveda\/suena\/\" \/>\n<meta property=\"og:locale\" content=\"es_ES\" \/>\n<meta property=\"og:type\" content=\"article\" \/>\n<meta property=\"og:title\" content=\"SOUND | gabroverse\" \/>\n<meta property=\"og:description\" content=\"Access the gabroverse SOUND vault for elite vocal power, home studio architecture, and audio engineering. Command your frequency.\" \/>\n<meta property=\"og:url\" content=\"https:\/\/gabroverse.com\/es\/boveda\/suena\/\" \/>\n<meta property=\"og:site_name\" content=\"gabroverse\" \/>\n<meta property=\"article:modified_time\" content=\"2026-05-06T13:25:22+00:00\" \/>\n<meta property=\"og:image\" content=\"https:\/\/gabroverse.com\/wp-content\/uploads\/bg-gabro-yt-empt-00-scaled.webp?wsr\" \/>\n\t<meta property=\"og:image:width\" content=\"2560\" \/>\n\t<meta property=\"og:image:height\" content=\"1429\" \/>\n\t<meta property=\"og:image:type\" content=\"image\/webp\" \/>\n<meta name=\"twitter:card\" content=\"summary_large_image\" \/>\n<meta name=\"twitter:label1\" content=\"Tiempo de lectura\" \/>\n\t<meta name=\"twitter:data1\" content=\"1 minuto\" \/>\n<script type=\"application\/ld+json\" class=\"yoast-schema-graph\">{\"@context\":\"https:\\\/\\\/schema.org\",\"@graph\":[{\"@type\":\"WebPage\",\"@id\":\"https:\\\/\\\/gabroverse.com\\\/es\\\/boveda\\\/suena\\\/\",\"url\":\"https:\\\/\\\/gabroverse.com\\\/es\\\/boveda\\\/suena\\\/\",\"name\":\"SOUND | gabroverse\",\"isPartOf\":{\"@id\":\"https:\\\/\\\/gabroverse.com\\\/es\\\/#website\"},\"primaryImageOfPage\":{\"@id\":\"https:\\\/\\\/gabroverse.com\\\/es\\\/boveda\\\/suena\\\/#primaryimage\"},\"image\":{\"@id\":\"https:\\\/\\\/gabroverse.com\\\/es\\\/boveda\\\/suena\\\/#primaryimage\"},\"thumbnailUrl\":\"https:\\\/\\\/gabroverse.com\\\/wp-content\\\/uploads\\\/bg-gabro-yt-empt-00-scaled.webp\",\"datePublished\":\"2026-05-04T21:27:19+00:00\",\"dateModified\":\"2026-05-06T13:25:22+00:00\",\"description\":\"Access the gabroverse SOUND vault for elite vocal power, home studio architecture, and audio engineering. Command your frequency.\",\"breadcrumb\":{\"@id\":\"https:\\\/\\\/gabroverse.com\\\/es\\\/boveda\\\/suena\\\/#breadcrumb\"},\"inLanguage\":\"es\",\"potentialAction\":[{\"@type\":\"ReadAction\",\"target\":[\"https:\\\/\\\/gabroverse.com\\\/es\\\/boveda\\\/suena\\\/\"]}]},{\"@type\":\"ImageObject\",\"inLanguage\":\"es\",\"@id\":\"https:\\\/\\\/gabroverse.com\\\/es\\\/boveda\\\/suena\\\/#primaryimage\",\"url\":\"https:\\\/\\\/gabroverse.com\\\/wp-content\\\/uploads\\\/bg-gabro-yt-empt-00-scaled.webp\",\"contentUrl\":\"https:\\\/\\\/gabroverse.com\\\/wp-content\\\/uploads\\\/bg-gabro-yt-empt-00-scaled.webp\",\"width\":2560,\"height\":1429,\"caption\":\"Cosmic galaxy scene with swirling nebulae, planets, and shooting stars, musical staff lines flowing across space, and the glowing word \u2018gabro\u2019 centered, with the text \u2018gabroverse.com\u2019 beneath it.\"},{\"@type\":\"BreadcrumbList\",\"@id\":\"https:\\\/\\\/gabroverse.com\\\/es\\\/boveda\\\/suena\\\/#breadcrumb\",\"itemListElement\":[{\"@type\":\"ListItem\",\"position\":1,\"name\":\"Home\",\"item\":\"https:\\\/\\\/gabroverse.com\\\/\"},{\"@type\":\"ListItem\",\"position\":2,\"name\":\"THE VAULT\",\"item\":\"https:\\\/\\\/gabroverse.com\\\/vault\\\/\"},{\"@type\":\"ListItem\",\"position\":3,\"name\":\"SOUND\"}]},{\"@type\":\"WebSite\",\"@id\":\"https:\\\/\\\/gabroverse.com\\\/es\\\/#website\",\"url\":\"https:\\\/\\\/gabroverse.com\\\/es\\\/\",\"name\":\"gabroverse\",\"description\":\"the world of gabro\",\"publisher\":{\"@id\":\"https:\\\/\\\/gabroverse.com\\\/es\\\/#organization\"},\"potentialAction\":[{\"@type\":\"SearchAction\",\"target\":{\"@type\":\"EntryPoint\",\"urlTemplate\":\"https:\\\/\\\/gabroverse.com\\\/es\\\/?s={search_term_string}\"},\"query-input\":{\"@type\":\"PropertyValueSpecification\",\"valueRequired\":true,\"valueName\":\"search_term_string\"}}],\"inLanguage\":\"es\"},{\"@type\":\"Organization\",\"@id\":\"https:\\\/\\\/gabroverse.com\\\/es\\\/#organization\",\"name\":\"gabroverse\",\"url\":\"https:\\\/\\\/gabroverse.com\\\/es\\\/\",\"logo\":{\"@type\":\"ImageObject\",\"inLanguage\":\"es\",\"@id\":\"https:\\\/\\\/gabroverse.com\\\/es\\\/#\\\/schema\\\/logo\\\/image\\\/\",\"url\":\"https:\\\/\\\/gabroverse.com\\\/wp-content\\\/uploads\\\/logo-gabro-nu1-sq.webp\",\"contentUrl\":\"https:\\\/\\\/gabroverse.com\\\/wp-content\\\/uploads\\\/logo-gabro-nu1-sq.webp\",\"width\":1024,\"height\":1024,\"caption\":\"gabroverse\"},\"image\":{\"@id\":\"https:\\\/\\\/gabroverse.com\\\/es\\\/#\\\/schema\\\/logo\\\/image\\\/\"}}]}<\/script>\n<!-- \/ Yoast SEO plugin. -->","yoast_head_json":{"title":"SUENA | gabroverse","description":"Access the gabroverse SOUND vault for elite vocal power, home studio architecture, and audio engineering. Command your frequency.","robots":{"index":"index","follow":"follow","max-snippet":"max-snippet:-1","max-image-preview":"max-image-preview:large","max-video-preview":"max-video-preview:-1"},"canonical":"https:\/\/gabroverse.com\/es\/boveda\/suena\/","og_locale":"es_ES","og_type":"article","og_title":"SOUND | gabroverse","og_description":"Access the gabroverse SOUND vault for elite vocal power, home studio architecture, and audio engineering. Command your frequency.","og_url":"https:\/\/gabroverse.com\/es\/boveda\/suena\/","og_site_name":"gabroverse","article_modified_time":"2026-05-06T13:25:22+00:00","og_image":[{"width":2560,"height":1429,"url":"https:\/\/gabroverse.com\/wp-content\/uploads\/bg-gabro-yt-empt-00-scaled.webp?wsr","type":"image\/webp"}],"twitter_card":"summary_large_image","twitter_misc":{"Tiempo de lectura":"1 minuto"},"schema":{"@context":"https:\/\/schema.org","@graph":[{"@type":"WebPage","@id":"https:\/\/gabroverse.com\/es\/boveda\/suena\/","url":"https:\/\/gabroverse.com\/es\/boveda\/suena\/","name":"SUENA | gabroverse","isPartOf":{"@id":"https:\/\/gabroverse.com\/es\/#website"},"primaryImageOfPage":{"@id":"https:\/\/gabroverse.com\/es\/boveda\/suena\/#primaryimage"},"image":{"@id":"https:\/\/gabroverse.com\/es\/boveda\/suena\/#primaryimage"},"thumbnailUrl":"https:\/\/gabroverse.com\/wp-content\/uploads\/bg-gabro-yt-empt-00-scaled.webp","datePublished":"2026-05-04T21:27:19+00:00","dateModified":"2026-05-06T13:25:22+00:00","description":"Access the gabroverse SOUND vault for elite vocal power, home studio architecture, and audio engineering. Command your frequency.","breadcrumb":{"@id":"https:\/\/gabroverse.com\/es\/boveda\/suena\/#breadcrumb"},"inLanguage":"es","potentialAction":[{"@type":"ReadAction","target":["https:\/\/gabroverse.com\/es\/boveda\/suena\/"]}]},{"@type":"ImageObject","inLanguage":"es","@id":"https:\/\/gabroverse.com\/es\/boveda\/suena\/#primaryimage","url":"https:\/\/gabroverse.com\/wp-content\/uploads\/bg-gabro-yt-empt-00-scaled.webp","contentUrl":"https:\/\/gabroverse.com\/wp-content\/uploads\/bg-gabro-yt-empt-00-scaled.webp","width":2560,"height":1429,"caption":"Cosmic galaxy scene with swirling nebulae, planets, and shooting stars, musical staff lines flowing across space, and the glowing word \u2018gabro\u2019 centered, with the text \u2018gabroverse.com\u2019 beneath it."},{"@type":"BreadcrumbList","@id":"https:\/\/gabroverse.com\/es\/boveda\/suena\/#breadcrumb","itemListElement":[{"@type":"ListItem","position":1,"name":"Home","item":"https:\/\/gabroverse.com\/"},{"@type":"ListItem","position":2,"name":"THE VAULT","item":"https:\/\/gabroverse.com\/vault\/"},{"@type":"ListItem","position":3,"name":"SOUND"}]},{"@type":"WebSite","@id":"https:\/\/gabroverse.com\/es\/#website","url":"https:\/\/gabroverse.com\/es\/","name":"gabroverse","description":"el mundo de gabro","publisher":{"@id":"https:\/\/gabroverse.com\/es\/#organization"},"potentialAction":[{"@type":"SearchAction","target":{"@type":"EntryPoint","urlTemplate":"https:\/\/gabroverse.com\/es\/?s={search_term_string}"},"query-input":{"@type":"PropertyValueSpecification","valueRequired":true,"valueName":"search_term_string"}}],"inLanguage":"es"},{"@type":"Organization","@id":"https:\/\/gabroverse.com\/es\/#organization","name":"gabroverse","url":"https:\/\/gabroverse.com\/es\/","logo":{"@type":"ImageObject","inLanguage":"es","@id":"https:\/\/gabroverse.com\/es\/#\/schema\/logo\/image\/","url":"https:\/\/gabroverse.com\/wp-content\/uploads\/logo-gabro-nu1-sq.webp","contentUrl":"https:\/\/gabroverse.com\/wp-content\/uploads\/logo-gabro-nu1-sq.webp","width":1024,"height":1024,"caption":"gabroverse"},"image":{"@id":"https:\/\/gabroverse.com\/es\/#\/schema\/logo\/image\/"}}]}},"_links":{"self":[{"href":"https:\/\/gabroverse.com\/es\/wp-json\/wp\/v2\/pages\/10660","targetHints":{"allow":["GET"]}}],"collection":[{"href":"https:\/\/gabroverse.com\/es\/wp-json\/wp\/v2\/pages"}],"about":[{"href":"https:\/\/gabroverse.com\/es\/wp-json\/wp\/v2\/types\/page"}],"author":[{"embeddable":true,"href":"https:\/\/gabroverse.com\/es\/wp-json\/wp\/v2\/users\/1"}],"replies":[{"embeddable":true,"href":"https:\/\/gabroverse.com\/es\/wp-json\/wp\/v2\/comments?post=10660"}],"version-history":[{"count":4,"href":"https:\/\/gabroverse.com\/es\/wp-json\/wp\/v2\/pages\/10660\/revisions"}],"predecessor-version":[{"id":10745,"href":"https:\/\/gabroverse.com\/es\/wp-json\/wp\/v2\/pages\/10660\/revisions\/10745"}],"up":[{"embeddable":true,"href":"https:\/\/gabroverse.com\/es\/wp-json\/wp\/v2\/pages\/5765"}],"wp:featuredmedia":[{"embeddable":true,"href":"https:\/\/gabroverse.com\/es\/wp-json\/wp\/v2\/media\/6575"}],"wp:attachment":[{"href":"https:\/\/gabroverse.com\/es\/wp-json\/wp\/v2\/media?parent=10660"}],"curies":[{"name":"wp","href":"https:\/\/api.w.org\/{rel}","templated":true}]}}